{"id":27,"date":"2019-06-23T10:52:04","date_gmt":"2019-06-23T10:52:04","guid":{"rendered":"http:\/\/albert-kuntz.de\/?page_id=27"},"modified":"2019-06-23T10:52:04","modified_gmt":"2019-06-23T10:52:04","slug":"geschichte-der-deutschen-arbeiterbewegung-in-acht-baenden","status":"publish","type":"page","link":"https:\/\/albert-kuntz.de\/?page_id=27","title":{"rendered":"Geschichte der deutschen Arbeiterbewegung in acht B\u00e4nden"},"content":{"rendered":"\n<p>Die Geschichte der K\u00e4mpfe der Arbeiterklasse in Deutschland ist in acht B\u00e4nden zusammengefasst.<\/p>\n\n\n\n<p>F\u00fcr Lesekreise zur Geschichte der deutschen Arbeiterbewegung sind sie zum Lesen und Diskutieren sehr gut geeignet.<\/p>\n\n\n\n<p>Im Anhang jedes Bands befinden sich wichtige Dokumente.<\/p>\n\n\n\n<p>Die B\u00e4nde sind wie folgt eingeteilt:<\/p>\n\n\n\n<p><a href=\"http:\/\/albert-kuntz.de\/?page_id=30\">Band 1: Von den Anf\u00e4ngen der deutschen Arbeiterbewegung bis zum Ausgang des 19. Jahrhunderts<\/a> <\/p>\n\n\n\n<p><a href=\"http:\/\/albert-kuntz.de\/?page_id=34\">Band 2: Vom Ausgang des 19. Jahrhunderts bis 1917<\/a><\/p>\n\n\n\n<p><a href=\"http:\/\/albert-kuntz.de\/?page_id=42\">Band 3: Von 1917 bis 1923<\/a><\/p>\n\n\n\n<p><a href=\"http:\/\/albert-kuntz.de\/wp-content\/uploads\/2019\/06\/GddAB-BAnd4-small.pdf\">Band 4: Von 1924 bis 1933<\/a><\/p>\n\n\n\n<p><a href=\"http:\/\/albert-kuntz.de\/wp-content\/uploads\/2019\/06\/GddAB-Band5-small.pdf\">Band 5: Von Januar 1933 bis Mai 1945<\/a><\/p>\n\n\n\n<p><a href=\"http:\/\/albert-kuntz.de\/wp-content\/uploads\/2019\/06\/GddAB-Band6-small.pdf\">Band 6: Von Mai 1945 bis 1949<\/a><\/p>\n\n\n\n<p><a href=\"http:\/\/albert-kuntz.de\/wp-content\/uploads\/2019\/06\/GddAB-Band7-small.pdf\">Band 7: Von 1949 bis 1955<\/a><\/p>\n\n\n\n<p><a href=\"http:\/\/albert-kuntz.de\/wp-content\/uploads\/2019\/06\/GddAB-Band8-small.pdf\">Band 8: Von 1956 bis 1963<\/a><\/p>\n","protected":false},"excerpt":{"rendered":"<p>Die Geschichte der K\u00e4mpfe der Arbeiterklasse in Deutschland ist in acht B\u00e4nden zusammengefasst. F\u00fcr Lesekreise zur Geschichte der deutschen Arbeiterbewegung sind sie zum Lesen und Diskutieren sehr gut geeignet. Im Anhang jedes Bands befinden sich wichtige Dokumente. Die B\u00e4nde sind wie folgt eingeteilt: Band 1: Von den Anf\u00e4ngen der deutschen Arbeiterbewegung bis zum Ausgang des [&hellip;]<\/p>\n","protected":false},"author":1,"featured_media":0,"parent":0,"menu_order":0,"comment_status":"closed","ping_status":"closed","template":"","meta":{"footnotes":""},"class_list":["post-27","page","type-page","status-publish","hentry"],"_links":{"self":[{"href":"https:\/\/albert-kuntz.de\/index.php?rest_route=\/wp\/v2\/pages\/27","targetHints":{"allow":["GET"]}}],"collection":[{"href":"https:\/\/albert-kuntz.de\/index.php?rest_route=\/wp\/v2\/pages"}],"about":[{"href":"https:\/\/albert-kuntz.de\/index.php?rest_route=\/wp\/v2\/types\/page"}],"author":[{"embeddable":true,"href":"https:\/\/albert-kuntz.de\/index.php?rest_route=\/wp\/v2\/users\/1"}],"replies":[{"embeddable":true,"href":"https:\/\/albert-kuntz.de\/index.php?rest_route=%2Fwp%2Fv2%2Fcomments&post=27"}],"version-history":[{"count":0,"href":"https:\/\/albert-kuntz.de\/index.php?rest_route=\/wp\/v2\/pages\/27\/revisions"}],"wp:attachment":[{"href":"https:\/\/albert-kuntz.de\/index.php?rest_route=%2Fwp%2Fv2%2Fmedia&parent=27"}],"curies":[{"name":"wp","href":"https:\/\/api.w.org\/{rel}","templated":true}]}}